{"id":2558,"date":"2025-10-06T15:20:41","date_gmt":"2025-10-06T13:20:41","guid":{"rendered":"https:\/\/aura.beechstudio.pl\/?page_id=2558"},"modified":"2025-10-06T22:58:24","modified_gmt":"2025-10-06T20:58:24","slug":"ancillary-services","status":"publish","type":"page","link":"https:\/\/aura.beechstudio.pl\/en\/ancillary-services\/","title":{"rendered":"Additional services"},"content":{"rendered":"<section id=\"hero\" class=\"hero\">\r\n            <div class=\"hero__background\">\r\n                <div class=\"overlay\"><\/div>\r\n                                    <img fetchpriority=\"high\" decoding=\"async\" width=\"1920\" height=\"486\" src=\"https:\/\/aura.beechstudio.pl\/wp-content\/uploads\/2025\/10\/AdobeStock_491473231-1920x486.jpeg\" class=\"attachment-hero_bg size-hero_bg\" alt=\"Banner of Two people washing cleaning at side shell ship, panorama Worker in floating dry dock with water jet cleaning have movement sea vegetation before sandblast and paint with copy space for tex.\" loading=\"eager\" \/>                            <\/div>\r\n            <div class=\"hero__container\">\r\n                                    <div class=\"hero__heading\">\r\n                        <h1 class=\"heading\">Services<\/h1>\r\n                    <\/div>\r\n                            <\/div>\r\n        <\/section>\r\n\t\n\n   \r\n\t        <section id=\"image-block\" class=\"image-block\">\r\n            <div class=\"image-block__container img-left\">\r\n                <div class=\"image-block__col image-block__col--column-1\">\r\n                                            <div class=\"image-block__heading\">\r\n                            <h2 class=\"heading\">Surface preparation<\/h2>\r\n                        <\/div>\r\n                                                                <div class=\"image-block__desc\">\r\n                            <p>We use chemical and mechanical methods tailored to the type of contamination and the substrate material. The preparation process removes sodium chlorides, grease and contaminants, providing ideal conditions for further cleaning and application of paint systems.<\/p>\n                        <\/div>\r\n                                                        <\/div>\r\n                                    <div class=\"image-block__col image-block__col--column-2\">\r\n                        <div class=\"image-block__image\">\r\n                            <img decoding=\"async\" width=\"659\" height=\"649\" src=\"https:\/\/aura.beechstudio.pl\/wp-content\/uploads\/2025\/10\/Zrzut-ekranu-2025-10-5-o-19.39.59-659x649.png\" class=\"attachment-image_block_img size-image_block_img\" alt=\"\" loading=\"lazy\" \/>                        <\/div>\r\n                    <\/div>\r\n                            <\/div>\r\n        <\/section>\r\n\t\n\n   \r\n\t        <section id=\"image-block\" class=\"image-block\">\r\n            <div class=\"image-block__container\">\r\n                <div class=\"image-block__col image-block__col--column-1\">\r\n                                            <div class=\"image-block__heading\">\r\n                            <h2 class=\"heading\">Cleaning<\/h2>\r\n                        <\/div>\r\n                                                                <div class=\"image-block__desc\">\r\n                            <p>We offer a full range of cleaning technologies - from blasting methods to laser ablation to combined solutions. Depending on the type of surface and the requirements of the project, we select the most effective and cost-optimised method, ensuring a suitable profile for subsequent coatings.<\/p>\n                        <\/div>\r\n                                                        <\/div>\r\n                                    <div class=\"image-block__col image-block__col--column-2\">\r\n                        <div class=\"image-block__image\">\r\n                            <img decoding=\"async\" width=\"659\" height=\"563\" src=\"https:\/\/aura.beechstudio.pl\/wp-content\/uploads\/2025\/10\/Zrzut-ekranu-2025-10-6-o-17.32.52-659x563.png\" class=\"attachment-image_block_img size-image_block_img\" alt=\"\" loading=\"lazy\" \/>                        <\/div>\r\n                    <\/div>\r\n                            <\/div>\r\n        <\/section>\r\n\t\n\n   \r\n\t        <section id=\"image-block\" class=\"image-block\">\r\n            <div class=\"image-block__container img-left\">\r\n                <div class=\"image-block__col image-block__col--column-1\">\r\n                                            <div class=\"image-block__heading\">\r\n                            <h2 class=\"heading\">Painting <\/h2>\r\n                        <\/div>\r\n                                                                <div class=\"image-block__desc\">\r\n                            <p>We carry out system painting according to technical specifications and the shipowner's requirements. We guarantee reproducible quality, correct coating thickness and durability of the corrosion protection.<\/p>\n                        <\/div>\r\n                                                        <\/div>\r\n                                    <div class=\"image-block__col image-block__col--column-2\">\r\n                        <div class=\"image-block__image\">\r\n                            <img decoding=\"async\" width=\"659\" height=\"649\" src=\"https:\/\/aura.beechstudio.pl\/wp-content\/uploads\/2025\/10\/Zrzut-ekranu-2025-10-6-o-17.31.04-659x649.png\" class=\"attachment-image_block_img size-image_block_img\" alt=\"Additional services painting\" loading=\"lazy\" \/>                        <\/div>\r\n                    <\/div>\r\n                            <\/div>\r\n        <\/section>\r\n\t\n\n   \n\t        <section id=\"before-after\" class=\"before-after js--before-after\">\n            <div class=\"before-after__container\">\n                                    <div class=\"before-after__heading\">\n                        <h2 class=\"heading\">Upon request, we coordinate additional work <\/h2>\n                    <\/div>\n                                                    <p class=\"before-after__desc\">mechanics, electrics, structural repairs, pipework) thanks to our network of partners <\/p>\n                    <a class=\"btn\" href=\"https:\/\/aura.beechstudio.pl\/en\/contact\/\" target=\"_self\">\n        Contact\n        <svg width=\"18\" height=\"16\" viewbox=\"0 0 18 16\" fill=\"none\" xmlns=\"http:\/\/www.w3.org\/2000\/svg\">\n            <path d=\"M10.5 0.5L9.4275 1.54475L15.1125 7.25H0V8.75H15.1125L9.4275 14.4298L10.5 15.5L18 8L10.5 0.5Z\" fill=\"#163383\"><\/path>\n        <\/svg>\n    <\/a>\n\n                                    <div class=\"before-after__content\">\n                                                    <div class=\"single-box js--before-after-box\">\n                                <div class=\"single-box__container\">\n                                                                                                        <\/div>\n                                <input type=\"range\" min=\"0\" max=\"100\" value=\"50\" class=\"single-box__slider js--before-after-slider\" aria-label=\"Widoczna cz\u0119\u015b\u0107 obrazka &quot;przed&quot;\" \/>\n                                <div class=\"single-box__slider-line\"><\/div>\n                                <div class=\"single-box__slider-button\" aria-hidden=\"true\">\n                                    <svg xmlns=\"http:\/\/www.w3.org\/2000\/svg\" viewbox=\"0 0 256 256\"><rect width=\"256\" height=\"256\" fill=\"none\"\/><line x1=\"128\" y1=\"40\" x2=\"128\" y2=\"216\" fill=\"none\" stroke=\"currentColor\" stroke-linecap=\"round\" stroke-linejoin=\"round\" stroke-width=\"16\"\/><line x1=\"96\" y1=\"128\" x2=\"16\" y2=\"128\" fill=\"none\" stroke=\"currentColor\" stroke-linecap=\"round\" stroke-linejoin=\"round\" stroke-width=\"16\"\/><polyline points=\"48 160 16 128 48 96\" fill=\"none\" stroke=\"currentColor\" stroke-linecap=\"round\" stroke-linejoin=\"round\" stroke-width=\"16\"\/><line x1=\"160\" y1=\"128\" x2=\"240\" y2=\"128\" fill=\"none\" stroke=\"currentColor\" stroke-linecap=\"round\" stroke-linejoin=\"round\" stroke-width=\"16\"\/><polyline points=\"208 96 240 128 208 160\" fill=\"none\" stroke=\"currentColor\" stroke-linecap=\"round\" stroke-linejoin=\"round\" stroke-width=\"16\"\/><\/svg>\n                                <\/div>\n                            <\/div>\n                                            <\/div>\n                            <\/div>\n        <\/section>","protected":false},"excerpt":{"rendered":"","protected":false},"author":2,"featured_media":0,"parent":0,"menu_order":0,"comment_status":"closed","ping_status":"closed","template":"","meta":{"_acf_changed":false,"footnotes":""},"class_list":["post-2558","page","type-page","status-publish","hentry"],"acf":[],"_links":{"self":[{"href":"https:\/\/aura.beechstudio.pl\/en\/wp-json\/wp\/v2\/pages\/2558","targetHints":{"allow":["GET"]}}],"collection":[{"href":"https:\/\/aura.beechstudio.pl\/en\/wp-json\/wp\/v2\/pages"}],"about":[{"href":"https:\/\/aura.beechstudio.pl\/en\/wp-json\/wp\/v2\/types\/page"}],"author":[{"embeddable":true,"href":"https:\/\/aura.beechstudio.pl\/en\/wp-json\/wp\/v2\/users\/2"}],"replies":[{"embeddable":true,"href":"https:\/\/aura.beechstudio.pl\/en\/wp-json\/wp\/v2\/comments?post=2558"}],"version-history":[{"count":17,"href":"https:\/\/aura.beechstudio.pl\/en\/wp-json\/wp\/v2\/pages\/2558\/revisions"}],"predecessor-version":[{"id":2669,"href":"https:\/\/aura.beechstudio.pl\/en\/wp-json\/wp\/v2\/pages\/2558\/revisions\/2669"}],"wp:attachment":[{"href":"https:\/\/aura.beechstudio.pl\/en\/wp-json\/wp\/v2\/media?parent=2558"}],"curies":[{"name":"wp","href":"https:\/\/api.w.org\/{rel}","templated":true}]}}