{"id":586,"date":"2025-04-30T16:06:43","date_gmt":"2025-04-30T14:06:43","guid":{"rendered":"http:\/\/dsw92.ddns.net\/dobrywzrok\/?page_id=586"},"modified":"2025-10-06T23:15:03","modified_gmt":"2025-10-06T21:15:03","slug":"contact","status":"publish","type":"page","link":"https:\/\/aura.beechstudio.pl\/en\/contact\/","title":{"rendered":"Contact"},"content":{"rendered":"   \r\n\t        <section id=\"faq\" class=\"faq js--faq\" style=\"background-color:#f5f5ff\">\r\n            <div class=\"faq__container\">\r\n                <div class=\"faq__col faq__col--column-1\">\r\n                                            <div class=\"faq__heading\">\r\n                            <h2 class=\"heading\">3 kroki dziel\u0105 Ci\u0119 od skr\u00f3cenia czasu realizacji <\/h2>\r\n                        <\/div>\r\n                                                                <p class=\"faq__desc\">Technologia laserowa <strong> zmienia zasady gry <\/strong> i pozwala skr\u00f3ci\u0107 czas\r\nczyszczenia jednostek <strong>10x szybciej<\/strong><\/p>\r\n                                    <\/div>\r\n                <div class=\"faq__col faq__col--column-2\">\r\n                                            <div class=\"faq__content\">\r\n                                                                                                <div class=\"single-box\">\r\n                                        <div class=\"single-box__question js--faq-question\">\r\n                                            <h3>Czy test jest bezp\u0142atny?<\/h3>\r\n                                            <div class=\"js--faq-question-arrow active\">\r\n                                                <svg width=\"18\" height=\"11\" viewBox=\"0 0 18 11\" fill=\"none\" xmlns=\"http:\/\/www.w3.org\/2000\/svg\">\r\n                                                    <path d=\"M1.17674 1.53034L1.17676 1.53032L1.5303 1.17674C1.53031 1.17673 1.53031 1.17673 1.53032 1.17672C1.62794 1.07911 1.78621 1.07911 1.88385 1.17674C1.88385 1.17674 1.88385 1.17674 1.88385 1.17674L8.64641 7.93934L8.99996 8.2929L9.35352 7.93934L16.1161 1.17674C16.2138 1.07911 16.372 1.07911 16.4696 1.17674L16.8232 1.53034C16.9208 1.62798 16.9208 1.7862 16.8232 1.88384L9.17671 9.53034C9.07907 9.62797 8.92085 9.62797 8.82322 9.53034L1.17674 1.88384C1.17674 1.88384 1.17674 1.88384 1.17674 1.88384C1.07911 1.7862 1.07911 1.62797 1.17674 1.53034Z\" fill=\"#F28B2D\" stroke=\"#F28B2D\"\/>\r\n                                                <\/svg>\r\n                                            <\/div>\r\n                                        <\/div>\r\n                                        <div class=\"single-box__answer js--faq-answer\">\r\n                                            <p>Tak Nasza <strong>Technologia laserowa, kt\u00f3ra zmienia zasady gry <\/strong> i pozwala skr\u00f3ci\u0107 czas czyszczenia jednostek <strong>10x szybciej<\/strong>Nasza <strong>Technologia laserowa, kt\u00f3ra zmienia zasady gry <\/strong> i pozwala skr\u00f3ci\u0107 czas<br \/>\r\nczyszczenia jednostek <strong>10x szybciej<\/strong><\/p>\r\n                                        <\/div>\r\n                                    <\/div>\r\n                                                                                                                                <div class=\"single-box\">\r\n                                        <div class=\"single-box__question js--faq-question\">\r\n                                            <h3>Ile b\u0119d\u0119 czeka\u0142 na wycen\u0119<\/h3>\r\n                                            <div class=\"js--faq-question-arrow\">\r\n                                                <svg width=\"18\" height=\"11\" viewBox=\"0 0 18 11\" fill=\"none\" xmlns=\"http:\/\/www.w3.org\/2000\/svg\">\r\n                                                    <path d=\"M1.17674 1.53034L1.17676 1.53032L1.5303 1.17674C1.53031 1.17673 1.53031 1.17673 1.53032 1.17672C1.62794 1.07911 1.78621 1.07911 1.88385 1.17674C1.88385 1.17674 1.88385 1.17674 1.88385 1.17674L8.64641 7.93934L8.99996 8.2929L9.35352 7.93934L16.1161 1.17674C16.2138 1.07911 16.372 1.07911 16.4696 1.17674L16.8232 1.53034C16.9208 1.62798 16.9208 1.7862 16.8232 1.88384L9.17671 9.53034C9.07907 9.62797 8.92085 9.62797 8.82322 9.53034L1.17674 1.88384C1.17674 1.88384 1.17674 1.88384 1.17674 1.88384C1.07911 1.7862 1.07911 1.62797 1.17674 1.53034Z\" fill=\"#F28B2D\" stroke=\"#F28B2D\"\/>\r\n                                                <\/svg>\r\n                                            <\/div>\r\n                                        <\/div>\r\n                                        <div class=\"single-box__answer js--faq-answer\">\r\n                                            <p>Przedstawiamy kilka pyta\u0144 i odpowiedzi, kt\u00f3re mog\u0119 zach\u0119ci\u0107 do kontaktu<\/p>\r\n                                        <\/div>\r\n                                    <\/div>\r\n                                                                                                                                <div class=\"single-box\">\r\n                                        <div class=\"single-box__question js--faq-question\">\r\n                                            <h3>Miejsce i termin do ustalenia<\/h3>\r\n                                            <div class=\"js--faq-question-arrow\">\r\n                                                <svg width=\"18\" height=\"11\" viewBox=\"0 0 18 11\" fill=\"none\" xmlns=\"http:\/\/www.w3.org\/2000\/svg\">\r\n                                                    <path d=\"M1.17674 1.53034L1.17676 1.53032L1.5303 1.17674C1.53031 1.17673 1.53031 1.17673 1.53032 1.17672C1.62794 1.07911 1.78621 1.07911 1.88385 1.17674C1.88385 1.17674 1.88385 1.17674 1.88385 1.17674L8.64641 7.93934L8.99996 8.2929L9.35352 7.93934L16.1161 1.17674C16.2138 1.07911 16.372 1.07911 16.4696 1.17674L16.8232 1.53034C16.9208 1.62798 16.9208 1.7862 16.8232 1.88384L9.17671 9.53034C9.07907 9.62797 8.92085 9.62797 8.82322 9.53034L1.17674 1.88384C1.17674 1.88384 1.17674 1.88384 1.17674 1.88384C1.07911 1.7862 1.07911 1.62797 1.17674 1.53034Z\" fill=\"#F28B2D\" stroke=\"#F28B2D\"\/>\r\n                                                <\/svg>\r\n                                            <\/div>\r\n                                        <\/div>\r\n                                        <div class=\"single-box__answer js--faq-answer\">\r\n                                            <p>Przedstawiamy kilka pyta\u0144 i odpowiedzi, kt\u00f3re mog\u0119 zach\u0119ci\u0107 do kontaktu  <strong> do 60 km <\/strong><\/p>\r\n                                        <\/div>\r\n                                    <\/div>\r\n                                                                                    <\/div>\r\n                                    <\/div>\r\n            <\/div>\r\n        <\/section>\r\n\t\n\n   \r\n\t        <section id=\"contact\" class=\"contact\">\r\n            <div class=\"contact__container\">\r\n\t\t\t\t\t\t\t\t<div class=\"contact__content\">\r\n\t\t\t\t\t<div class=\"contact__col contact__col--column-1\">\r\n\t\t\t\t\t\t<div class=\"column-1\">\r\n\t\t\t\t\t\t\t\t\t\t\t\t\t\t\t<h4 class=\"heading\">Je\u015bli zale\u017cy ci na perfekcyjnie przygotowanej powierzchni <br> w rekordowym czasie to nasze rozwi\u0105zanie jest w\u0142a\u015bciwym wyborem!<\/h4>\r\n\t\t\t\t\t\t\t\t\t\t\t\t\t\t\t\t\t\t\t\t\t\t<div class=\"phone\">\r\n\t\t\t\t\t\t\t\t\t<svg width=\"20\" height=\"21\" viewBox=\"0 0 20 21\" fill=\"none\" xmlns=\"http:\/\/www.w3.org\/2000\/svg\">\r\n\t\t\t\t\t\t\t\t\t\t<path d=\"M4.44379 14.9445H3.88824C3.29887 14.9445 2.73364 14.7104 2.31689 14.2936C1.90014 13.8769 1.66602 13.3116 1.66602 12.7223V10.5001C1.66602 9.91068 1.90014 9.34545 2.31689 8.92871C2.73364 8.51196 3.29887 8.27783 3.88824 8.27783H4.44379C4.59114 8.27783 4.73244 8.33636 4.83663 8.44055C4.94082 8.54474 4.99935 8.68605 4.99935 8.83339V14.3889C4.99935 14.5363 4.94082 14.6776 4.83663 14.7818C4.73244 14.886 4.59114 14.9445 4.44379 14.9445Z\" stroke=\"#F28B2D\" stroke-width=\"2\" stroke-linecap=\"round\" stroke-linejoin=\"round\"\/>\r\n\t\t\t\t\t\t\t\t\t\t<path d=\"M16.1111 14.9445H15.5556C15.4082 14.9445 15.2669 14.886 15.1627 14.7818C15.0585 14.6776 15 14.5363 15 14.3889V8.83339C15 8.68605 15.0585 8.54474 15.1627 8.44055C15.2669 8.33636 15.4082 8.27783 15.5556 8.27783H16.1111C16.7005 8.27783 17.2657 8.51196 17.6825 8.92871C18.0992 9.34545 18.3333 9.91068 18.3333 10.5001V12.7223C18.3333 13.3116 18.0992 13.8769 17.6825 14.2936C17.2657 14.7104 16.7005 14.9445 16.1111 14.9445Z\" stroke=\"#F28B2D\" stroke-width=\"2\" stroke-linecap=\"round\" stroke-linejoin=\"round\"\/>\r\n\t\t\t\t\t\t\t\t\t\t<path d=\"M3.88867 8.27786C3.88867 6.65709 4.53252 5.10271 5.67857 3.95665C6.82463 2.8106 8.37902 2.16675 9.99978 2.16675V2.16675C11.6206 2.16675 13.1749 2.8106 14.321 3.95665C15.467 5.10271 16.1109 6.65709 16.1109 8.27786\" stroke=\"#F28B2D\" stroke-width=\"2\" stroke-linecap=\"round\" stroke-linejoin=\"round\"\/>\r\n\t\t\t\t\t\t\t\t\t\t<path d=\"M12.2207 17.7224H13.8874C14.4767 17.7224 15.042 17.4882 15.4587 17.0715C15.8755 16.6547 16.1096 16.0895 16.1096 15.5001V14.9446\" stroke=\"#F28B2D\" stroke-width=\"2\" stroke-linecap=\"round\" stroke-linejoin=\"round\"\/>\r\n\t\t\t\t\t\t\t\t\t\t<path d=\"M11.1109 18.8333H9.99978C9.7051 18.8333 9.42248 18.7162 9.21411 18.5079C9.00573 18.2995 8.88867 18.0169 8.88867 17.7222C8.88867 17.4275 9.00573 17.1449 9.21411 16.9365C9.42248 16.7281 9.7051 16.6111 9.99978 16.6111H11.1109C11.4056 16.6111 11.6882 16.7281 11.8966 16.9365C12.1049 17.1449 12.222 17.4275 12.222 17.7222C12.222 18.0169 12.1049 18.2995 11.8966 18.5079C11.6882 18.7162 11.4056 18.8333 11.1109 18.8333Z\" stroke=\"#F28B2D\" stroke-width=\"2\" stroke-linecap=\"round\" stroke-linejoin=\"round\"\/>\r\n\t\t\t\t\t\t\t\t\t<\/svg>\r\n\t\t\t\t\t\t\t\t\t<a href=\"tel:+48\u00a0608\u00a0888\u00a0138\">+48\u00a0608\u00a0888\u00a0138<\/a>\r\n\t\t\t\t\t\t\t\t<\/div>\r\n\t\t\t\t\t\t\t\t\t\t\t\t\t\t\t\t\t\t\t\t\t\t<div class=\"email\">\r\n\t\t\t\t\t\t\t\t\t<svg width=\"20\" height=\"21\" viewBox=\"0 0 20 21\" fill=\"none\" xmlns=\"http:\/\/www.w3.org\/2000\/svg\">\r\n\t\t\t\t\t\t\t\t\t\t<path d=\"M18.3327 6.44946V14.7828C18.3327 15.3353 18.1132 15.8652 17.7225 16.2559C17.3318 16.6466 16.8019 16.8661 16.2493 16.8661H3.74935C3.19681 16.8661 2.66691 16.6466 2.27621 16.2559C1.88551 15.8652 1.66602 15.3353 1.66602 14.7828V6.44946\" stroke=\"#F28B2D\" stroke-width=\"2\" stroke-linecap=\"round\" stroke-linejoin=\"round\"\/>\r\n\t\t\t\t\t\t\t\t\t\t<path d=\"M18.3327 6.44954C18.3327 5.89701 18.1132 5.36711 17.7225 4.97641C17.3318 4.5857 16.8019 4.36621 16.2493 4.36621H3.74935C3.19681 4.36621 2.66691 4.5857 2.27621 4.97641C1.88551 5.36711 1.66602 5.89701 1.66602 6.44954L8.89518 10.9634C9.22629 11.1704 9.60889 11.2801 9.99935 11.2801C10.3898 11.2801 10.7724 11.1704 11.1035 10.9634L18.3327 6.44954Z\" stroke=\"#F28B2D\" stroke-width=\"2\" stroke-linecap=\"round\" stroke-linejoin=\"round\"\/>\r\n\t\t\t\t\t\t\t\t\t<\/svg>\r\n\t\t\t\t\t\t\t\t\t<a href=\"mailto:\u00a0office@auravessel.com\">\u00a0office@auravessel.com<\/a>\r\n\t\t\t\t\t\t\t\t<\/div>\r\n\t\t\t\t\t\t\t\t\t\t\t\t\t\t\t\t\t\t\t\t\t\t<div class=\"address\">\r\n\t\t\t\t\t\t\t\t\t<svg width=\"20\" height=\"20\" viewBox=\"0 0 20 20\" fill=\"none\" xmlns=\"http:\/\/www.w3.org\/2000\/svg\">\r\n\t\t\t\t\t\t\t\t\t\t<g clip-path=\"url(#clip0_447_5073)\">\r\n\t\t\t\t\t\t\t\t\t\t<path d=\"M18.0532 7.74001L10.0039 1.66675L1.94719 7.74001C1.78063 7.89371 1.68048 8.10623 1.66797 8.33253V17.6068C1.66855 17.7988 1.74506 17.9827 1.88077 18.1184C2.01649 18.2541 2.20039 18.3306 2.39232 18.3312H7.22278V14.445C7.22278 13.7084 7.5154 13.002 8.03627 12.4811C8.55713 11.9603 9.26358 11.6676 10.0002 11.6676C10.7368 11.6676 11.4432 11.9603 11.9641 12.4811C12.485 13.002 12.7776 13.7084 12.7776 14.445V18.3334H17.6073C17.7993 18.3328 17.9833 18.2564 18.1191 18.1207C18.255 17.985 18.3316 17.8011 18.3324 17.6091V8.33253C18.3196 8.10631 18.2195 7.8939 18.0532 7.74001Z\" stroke=\"#F28B2D\" stroke-width=\"2\" stroke-linecap=\"round\" stroke-linejoin=\"round\"\/>\r\n\t\t\t\t\t\t\t\t\t\t<\/g>\r\n\t\t\t\t\t\t\t\t\t\t<defs>\r\n\t\t\t\t\t\t\t\t\t\t<clipPath id=\"clip0_447_5073\">\r\n\t\t\t\t\t\t\t\t\t\t<rect width=\"20\" height=\"20\" fill=\"white\"\/>\r\n\t\t\t\t\t\t\t\t\t\t<\/clipPath>\r\n\t\t\t\t\t\t\t\t\t\t<\/defs>\r\n\t\t\t\t\t\t\t\t\t<\/svg>\r\n\t\t\t\t\t\t\t\t\t<p>Podchor\u0105\u017cych 8a\/1a \u202880-298\u00a0Gda\u0144sk<br \/>\r\n<\/p>\r\n\t\t\t\t\t\t\t\t<\/div>\r\n\t\t\t\t\t\t\t\t\t\t\t\t\t\t  \r\n\t\t\t\t\t\t\t\t<div class=\"hours\"> \r\n\t\t\t\t\t\t\t\t\t\t\t\t\t\t\t\t\t\t\t<svg width=\"20\" height=\"20\" viewBox=\"0 0 20 20\" fill=\"none\" xmlns=\"http:\/\/www.w3.org\/2000\/svg\">\r\n\t\t\t\t\t\t\t\t\t\t\t<g clip-path=\"url(#clip0_447_5077)\">\r\n\t\t\t\t\t\t\t\t\t\t\t<path d=\"M1.66602 10.0001C1.66602 12.2102 2.54399 14.3298 4.10679 15.8926C5.6696 17.4554 7.78921 18.3334 9.99935 18.3334C12.2095 18.3334 14.3291 17.4554 15.8919 15.8926C17.4547 14.3298 18.3327 12.2102 18.3327 10.0001C18.3327 7.78994 17.4547 5.67033 15.8919 4.10753C14.3291 2.54472 12.2095 1.66675 9.99935 1.66675C7.78921 1.66675 5.6696 2.54472 4.10679 4.10753C2.54399 5.67033 1.66602 7.78994 1.66602 10.0001V10.0001Z\" stroke=\"#F28B2D\" stroke-width=\"2\" stroke-linecap=\"round\" stroke-linejoin=\"round\"\/>\r\n\t\t\t\t\t\t\t\t\t\t\t<path d=\"M10 10.0001V7.02393\" stroke=\"#F28B2D\" stroke-width=\"2\" stroke-linecap=\"round\" stroke-linejoin=\"round\"\/>\r\n\t\t\t\t\t\t\t\t\t\t\t<path d=\"M10 10L13.7198 13.7206\" stroke=\"#F28B2D\" stroke-width=\"2\" stroke-linecap=\"round\" stroke-linejoin=\"round\"\/>\r\n\t\t\t\t\t\t\t\t\t\t\t<\/g>\r\n\t\t\t\t\t\t\t\t\t\t\t<defs>\r\n\t\t\t\t\t\t\t\t\t\t\t<clipPath id=\"clip0_447_5077\">\r\n\t\t\t\t\t\t\t\t\t\t\t<rect width=\"20\" height=\"20\" fill=\"white\"\/>\r\n\t\t\t\t\t\t\t\t\t\t\t<\/clipPath>\r\n\t\t\t\t\t\t\t\t\t\t\t<\/defs>\r\n\t\t\t\t\t\t\t\t\t\t<\/svg>\r\n\t\t\t\t\t\t\t\t\t\t<div>\r\n\t\t\t\t\t\t\t\t\t\t\t<h5>Codziennie<\/h5>\r\n\t\t\t\t\t\t\t\t\t\t\t<p>8:00-16:00<br \/>\r\n<br \/>\r\n<br \/>\r\n<br \/>\r\n<br \/>\r\nVAT ID: 5842628279<\/p>\r\n\t\t\t\t\t\t\t\t\t\t<\/div>\r\n\t\t\t\t\t\t\t\t\t\t\t\t\t\t\t\t\t<\/div>\r\n\t\t\t\t\t\t\t\t\t\t\t\t\t<\/div>\r\n\t\t\t\t\t\t<div class=\"column-2\">\r\n\t\t\t\t\t\t\t  \r\n\t\t\t\t\t\t\t\t<div class=\"contact__avatars\"> \r\n\t\t\t\t\t\t\t\t\t\t\t\t\t\t\t\t\t\t\t\t\t\t\t\t\t\t\t\t\t\t<div class=\"avatar\">\r\n\t\t\t\t\t\t\t\t\t\t\t\t<img decoding=\"async\" width=\"110\" height=\"110\" src=\"https:\/\/aura.beechstudio.pl\/wp-content\/uploads\/2025\/10\/tomek-jankowski-110x110.png\" class=\"attachment-testimonials_avatar size-testimonials_avatar\" alt=\"\" loading=\"lazy\" srcset=\"https:\/\/aura.beechstudio.pl\/wp-content\/uploads\/2025\/10\/tomek-jankowski-110x110.png 110w, https:\/\/aura.beechstudio.pl\/wp-content\/uploads\/2025\/10\/tomek-jankowski-300x300.png 300w, https:\/\/aura.beechstudio.pl\/wp-content\/uploads\/2025\/10\/tomek-jankowski-150x150.png 150w, https:\/\/aura.beechstudio.pl\/wp-content\/uploads\/2025\/10\/tomek-jankowski-120x120.png 120w, https:\/\/aura.beechstudio.pl\/wp-content\/uploads\/2025\/10\/tomek-jankowski-60x60.png 60w, https:\/\/aura.beechstudio.pl\/wp-content\/uploads\/2025\/10\/tomek-jankowski-80x80.png 80w, https:\/\/aura.beechstudio.pl\/wp-content\/uploads\/2025\/10\/tomek-jankowski-77x77.png 77w, https:\/\/aura.beechstudio.pl\/wp-content\/uploads\/2025\/10\/tomek-jankowski-98x98.png 98w, https:\/\/aura.beechstudio.pl\/wp-content\/uploads\/2025\/10\/tomek-jankowski.png 392w\" sizes=\"(max-width: 110px) 100vw, 110px\" \/>\t\t\t\t\t\t\t\t\t\t\t<\/div>\r\n\t\t\t\t\t\t\t\t\t\t\t\t\t\t\t\t\t\t\t\t\t\t\t\t\t\t\t<\/div>\r\n\t\t\t\t\t\t\t\t\t\t\t\t\t\t\t\t\t\t\t\t<\/div>\r\n\t\t\t\t\t<\/div>\r\n\t\t\t\t\t\t\t\t\t\t\t<div class=\"contact__col contact__col--column-2\">\r\n\t\t\t\t\t\t\t<div class='fluentform ff-default fluentform_wrapper_3 ffs_default_wrap'><form data-form_id=\"3\" id=\"fluentform_3\" class=\"frm-fluent-form fluent_form_3 ff-el-form-top ff_form_instance_3_1 ff-form-loading ffs_default\" data-form_instance=\"ff_form_instance_3_1\" method=\"POST\" ><fieldset  style=\"border: none!important;margin: 0!important;padding: 0!important;background-color: transparent!important;box-shadow: none!important;outline: none!important; min-inline-size: 100%;\">\n                    <legend class=\"ff_screen_reader_title\" style=\"display: block; margin: 0!important;padding: 0!important;height: 0!important;text-indent: -999999px;width: 0!important;overflow:hidden;\">Kontakt<\/legend><input type='hidden' name='__fluent_form_embded_post_id' value='586' \/><input type=\"hidden\" id=\"_fluentform_3_fluentformnonce\" name=\"_fluentform_3_fluentformnonce\" value=\"fb6bf792e4\" \/><input type=\"hidden\" name=\"_wp_http_referer\" value=\"\/en\/wp-json\/wp\/v2\/pages\/586\" \/><div data-type=\"name-element\" data-name=\"names\" class=\" ff-field_container ff-name-field-wrapper\" ><div class='ff-t-container'><div class='ff-t-cell '><div class='ff-el-group'><div class='ff-el-input--content'><input type=\"text\" name=\"names[first_name]\" id=\"ff_3_names_first_name_\" class=\"ff-el-form-control\" placeholder=\"Imi\u0119\" aria-invalid=\"false\" aria-required=true><\/div><\/div><\/div><\/div><\/div><div class='ff-el-group'><div class='ff-el-input--content'><input name=\"phone_1\" class=\"ff-el-form-control ff-el-phone ff_el_with_extended_validation\" type=\"tel\" placeholder=\"Numer telefonu\" data-name=\"phone_1\" id=\"ff_3_phone_1\" inputmode=\"tel\"  aria-invalid='false' aria-required=true><\/div><\/div><div class='ff-el-group'><div class='ff-el-input--content'><input type=\"email\" name=\"email\" id=\"ff_3_email\" class=\"ff-el-form-control\" placeholder=\"Email*\" data-name=\"email\"  aria-invalid=\"false\" aria-required=true><\/div><\/div><div class='ff-el-group'><div class='ff-el-input--content'><textarea aria-required=\"true\" aria-labelledby=\"label_ff_3_message\" name=\"message\" id=\"ff_3_message\" class=\"ff-el-form-control\" placeholder=\"Wiadomo\u015b\u0107*\" rows=\"6\" cols=\"2\" data-name=\"message\" ><\/textarea><\/div><\/div><div class='ff-el-group    ff-el-input--content'><div class='ff-el-form-check ff-el-tc'><label aria-label='Terms and Conditions: \u00a0\nO\u015bwiadczam i\u017c, zapozna\u0142am\/em si\u0119 z tre\u015bci\u0105 Polityki Prywatno\u015bci i akceptuj\u0119 jej postanowienia. * Contains 1 link. Use tab navigation to review.' class='ff-el-form-check-label ff_tc_label' for=terms-n-condition_ab362c6da0e20baf76c8a731c8e5a714><span class='ff_tc_checkbox'><input type=\"checkbox\" name=\"terms-n-condition\" class=\"ff-el-form-check-input\" data-name=\"terms-n-condition\" id=\"terms-n-condition_ab362c6da0e20baf76c8a731c8e5a714\"  value='on' aria-invalid='false' aria-required=true><\/span> <div class='ff_t_c'><div class=\"w-checkbox-input w-checkbox-input--inputType-custom w-checkbox-input--inputType-custom-3 form-checkbox-icon\">\u00a0<\/div>\n<p>O\u015bwiadczam i\u017c, zapozna\u0142am\/em si\u0119 z tre\u015bci\u0105 <a class=\"terms-link\" href=\"\/polityka-prywatnosci\" target=\"_blank\" rel=\"noopener\">Polityki Prywatno\u015bci<\/a> i akceptuj\u0119 jej postanowienia. *<\/p><\/div><\/label><\/div><\/div><div class='ff-el-group ff-text-left ff_submit_btn_wrapper'><button type=\"submit\" class=\"ff-btn ff-btn-submit ff-btn-md ff_btn_style\"  aria-label=\"Wy\u015blij wiadomo\u015b\u0107\">Wy\u015blij wiadomo\u015b\u0107<\/button><\/div><\/fieldset><\/form><div id='fluentform_3_errors' class='ff-errors-in-stack ff_form_instance_3_1 ff-form-loading_errors ff_form_instance_3_1_errors'><\/div><\/div>            <script type=\"text\/javascript\">\n                window.fluent_form_ff_form_instance_3_1 = {\"id\":\"3\",\"ajaxUrl\":\"https:\\\/\\\/aura.beechstudio.pl\\\/wp-admin\\\/admin-ajax.php\",\"settings\":{\"layout\":{\"labelPlacement\":\"top\",\"helpMessagePlacement\":\"with_label\",\"errorMessagePlacement\":\"inline\",\"cssClassName\":\"\",\"asteriskPlacement\":\"asterisk-right\"},\"restrictions\":{\"denyEmptySubmission\":{\"enabled\":false}}},\"form_instance\":\"ff_form_instance_3_1\",\"form_id_selector\":\"fluentform_3\",\"rules\":{\"names[first_name]\":{\"required\":{\"value\":true,\"message\":\"To pole jest wymagane\",\"global\":false,\"global_message\":\"This field is required\"}},\"names[middle_name]\":{\"required\":{\"value\":false,\"message\":\"This field is required\",\"global\":false,\"global_message\":\"This field is required\"}},\"names[last_name]\":{\"required\":{\"value\":true,\"message\":\"To pole jest wymagane\",\"global\":false,\"global_message\":\"This field is required\"}},\"phone_1\":{\"required\":{\"value\":true,\"global\":true,\"message\":\"This field is required\",\"global_message\":\"This field is required\"},\"valid_phone_number\":{\"value\":true,\"global\":true,\"message\":\"Phone number is not valid\",\"global_message\":\"Phone number is not valid\"}},\"email\":{\"required\":{\"value\":true,\"message\":\"To pole jest wymagane\",\"global\":false,\"global_message\":\"This field is required\"},\"email\":{\"value\":true,\"message\":\"To pole musi zawiera\\u0107 poprawny adres e-mail\",\"global\":false,\"global_message\":\"This field must contain a valid email\"}},\"message\":{\"required\":{\"value\":true,\"message\":\"To pole jest wymagane\",\"global\":false,\"global_message\":\"This field is required\"}},\"terms-n-condition\":{\"required\":{\"value\":true,\"message\":\"To pole jest wymagane\",\"global\":false,\"global_message\":\"This field is required\"}}},\"debounce_time\":300};\n                            <\/script>\n            \n\t\t\t\t\t\t<\/div>\r\n\t\t\t\t\t\t\t\t\t<\/div>\r\n            <\/div>\r\n        <\/section>\r\n\t","protected":false},"excerpt":{"rendered":"","protected":false},"author":2,"featured_media":0,"parent":0,"menu_order":0,"comment_status":"closed","ping_status":"closed","template":"","meta":{"_acf_changed":false,"footnotes":""},"class_list":["post-586","page","type-page","status-publish","hentry"],"acf":[],"_links":{"self":[{"href":"https:\/\/aura.beechstudio.pl\/en\/wp-json\/wp\/v2\/pages\/586","targetHints":{"allow":["GET"]}}],"collection":[{"href":"https:\/\/aura.beechstudio.pl\/en\/wp-json\/wp\/v2\/pages"}],"about":[{"href":"https:\/\/aura.beechstudio.pl\/en\/wp-json\/wp\/v2\/types\/page"}],"author":[{"embeddable":true,"href":"https:\/\/aura.beechstudio.pl\/en\/wp-json\/wp\/v2\/users\/2"}],"replies":[{"embeddable":true,"href":"https:\/\/aura.beechstudio.pl\/en\/wp-json\/wp\/v2\/comments?post=586"}],"version-history":[{"count":106,"href":"https:\/\/aura.beechstudio.pl\/en\/wp-json\/wp\/v2\/pages\/586\/revisions"}],"predecessor-version":[{"id":2672,"href":"https:\/\/aura.beechstudio.pl\/en\/wp-json\/wp\/v2\/pages\/586\/revisions\/2672"}],"wp:attachment":[{"href":"https:\/\/aura.beechstudio.pl\/en\/wp-json\/wp\/v2\/media?parent=586"}],"curies":[{"name":"wp","href":"https:\/\/api.w.org\/{rel}","templated":true}]}}